{"id":11,"date":"2023-02-20T17:13:48","date_gmt":"2023-02-20T16:13:48","guid":{"rendered":"https:\/\/www.praxisrebstock.de\/praxis\/?page_id=11"},"modified":"2024-01-18T20:33:25","modified_gmt":"2024-01-18T19:33:25","slug":"startseite","status":"publish","type":"page","link":"https:\/\/www.praxisrebstock.de\/praxis\/","title":{"rendered":"Startseite"},"content":{"rendered":"<p>[et_pb_section fb_built=&#8220;1&#8243; fullwidth=&#8220;on&#8220; _builder_version=&#8220;4.23.4&#8243; _module_preset=&#8220;default&#8220; global_colors_info=&#8220;{}&#8220;][et_pb_fullwidth_header title=&#8220;Wellenbrecher&#8220; header_fullscreen=&#8220;on&#8220; header_scroll_down=&#8220;on&#8220; background_overlay_color=&#8220;rgba(137,0,135,0.36)&#8220; background_overlay_color_tablet=&#8220;rgba(137,0,135,0.36)&#8220; background_overlay_color_phone=&#8220;rgba(137,0,135,0.36)&#8220; background_overlay_color_last_edited=&#8220;on|phone&#8220; _builder_version=&#8220;4.23.4&#8243; _module_preset=&#8220;default&#8220; title_font=&#8220;Dosis|600||on|||||&#8220; title_text_align=&#8220;left&#8220; title_text_color=&#8220;#ffffff&#8220; title_font_size=&#8220;55px&#8220; title_letter_spacing=&#8220;2px&#8220; background_color=&#8220;RGBA(255,255,255,0)&#8220; background_image=&#8220;https:\/\/www.praxisrebstock.de\/praxis\/wp-content\/uploads\/2024\/01\/Firefly-Fels-an-der-rechten-Seite-in-der-Brandung-68056-1.jpg&#8220; parallax=&#8220;on&#8220; title_font_size_tablet=&#8220;50px&#8220; title_font_size_phone=&#8220;39px&#8220; title_font_size_last_edited=&#8220;on|phone&#8220; background_last_edited=&#8220;off|desktop&#8220; title_text_shadow_style=&#8220;preset5&#8243; title_text_shadow_blur_strength=&#8220;0.05em&#8220; locked=&#8220;off&#8220; global_colors_info=&#8220;{}&#8220;][\/et_pb_fullwidth_header][\/et_pb_section][et_pb_section fb_built=&#8220;1&#8243; _builder_version=&#8220;4.23.4&#8243; _module_preset=&#8220;default&#8220; global_colors_info=&#8220;{}&#8220;][et_pb_row column_structure=&#8220;2_3,1_3&#8243; use_custom_gutter=&#8220;on&#8220; _builder_version=&#8220;4.23.4&#8243; _module_preset=&#8220;default&#8220; width=&#8220;60%&#8220; width_tablet=&#8220;60%&#8220; width_phone=&#8220;80%&#8220; width_last_edited=&#8220;on|phone&#8220; custom_margin_tablet=&#8220;|20%||20%|false|false&#8220; custom_margin_phone=&#8220;|10%||10%|false|false&#8220; custom_margin_last_edited=&#8220;off|desktop&#8220; border_radii=&#8220;on|15px|15px|15px|15px&#8220; global_colors_info=&#8220;{}&#8220;][et_pb_column type=&#8220;2_3&#8243; _builder_version=&#8220;4.23.4&#8243; _module_preset=&#8220;default&#8220; background_color=&#8220;#f4f4f4&#8243; transform_scale_tablet=&#8220;&#8220; transform_scale_phone=&#8220;&#8220; transform_scale_last_edited=&#8220;on|desktop&#8220; transform_scale_linked=&#8220;off&#8220; transform_translate=&#8220;0px|80px&#8220; transform_translate_tablet=&#8220;0px|80px&#8220; transform_translate_phone=&#8220;0px|0px&#8220; transform_translate_last_edited=&#8220;on|phone&#8220; transform_translate_linked=&#8220;off&#8220; transform_rotate_tablet=&#8220;&#8220; transform_rotate_phone=&#8220;&#8220; transform_rotate_last_edited=&#8220;on|desktop&#8220; transform_skew_tablet=&#8220;&#8220; transform_skew_phone=&#8220;&#8220; transform_skew_last_edited=&#8220;on|desktop&#8220; transform_origin_tablet=&#8220;&#8220; transform_origin_phone=&#8220;&#8220; transform_origin_last_edited=&#8220;on|desktop&#8220; transform_styles_last_edited=&#8220;on|phone&#8220; custom_padding=&#8220;30px|30px|30px|30px|false|false&#8220; transform_styles_tablet=&#8220;&#8220; transform_styles_phone=&#8220;&#8220; border_radii=&#8220;on|15px|15px|15px|15px&#8220; border_width_all=&#8220;1px&#8220; border_color_all=&#8220;#eeeeee&#8220; global_colors_info=&#8220;{}&#8220;][et_pb_text admin_label=&#8220;Name und Bezeichnung&#8220; _builder_version=&#8220;4.23.4&#8243; text_font_size=&#8220;17px&#8220; text_line_height=&#8220;1.8em&#8220; header_font=&#8220;||||||||&#8220; header_font_size=&#8220;250%&#8220; header_line_height=&#8220;1.3em&#8220; header_2_font=&#8220;|300|||||||&#8220; header_2_text_color=&#8220;rgba(137,0,135,0.76)&#8220; header_2_font_size=&#8220;46px&#8220; header_2_line_height=&#8220;1.2em&#8220; custom_margin=&#8220;||60px|||&#8220; custom_padding=&#8220;||||false|false&#8220; custom_padding_tablet=&#8220;|30px||50px|true|false&#8220; custom_padding_phone=&#8220;|30px|||true|false&#8220; custom_padding_last_edited=&#8220;off|tablet&#8220; text_font_size_tablet=&#8220;&#8220; text_font_size_phone=&#8220;15px&#8220; text_font_size_last_edited=&#8220;on|desktop&#8220; header_font_size_tablet=&#8220;250%&#8220; header_font_size_phone=&#8220;150%&#8220; header_font_size_last_edited=&#8220;on|phone&#8220; header_2_font_size_tablet=&#8220;40px&#8220; header_2_font_size_phone=&#8220;160%&#8220; header_2_font_size_last_edited=&#8220;on|phone&#8220; global_colors_info=&#8220;{}&#8220;]<\/p>\n<h2><strong>Eva-Maria Rebstock<\/strong><\/h2>\n<h1>Diplom Psychologin,<br \/>\nPsychologische Psychotherapeutin<\/h1>\n<p>[\/et_pb_text][et_pb_button button_url=&#8220;@ET-DC@eyJkeW5hbWljIjp0cnVlLCJjb250ZW50IjoicG9zdF9saW5rX3VybF9wYWdlIiwic2V0dGluZ3MiOnsicG9zdF9pZCI6IjI0MTU4OCJ9fQ==@&#8220; button_text=&#8220;Mehr \u00fcber mich&#8220; button_alignment=&#8220;left&#8220; admin_label=&#8220;Button &#8211; \u00dcber mich&#8220; _builder_version=&#8220;4.23.4&#8243; _dynamic_attributes=&#8220;button_url&#8220; _module_preset=&#8220;default&#8220; global_colors_info=&#8220;{}&#8220;][\/et_pb_button][\/et_pb_column][et_pb_column type=&#8220;1_3&#8243; _builder_version=&#8220;4.23.4&#8243; _module_preset=&#8220;default&#8220; background_color=&#8220;#f4f4f4&#8243; custom_padding=&#8220;||30px||false|false&#8220; border_radii=&#8220;on|15px|15px|15px|15px&#8220; border_width_all=&#8220;1px&#8220; border_color_all=&#8220;#eeeeee&#8220; global_colors_info=&#8220;{}&#8220;][et_pb_image src=&#8220;https:\/\/www.praxisrebstock.de\/praxis\/wp-content\/uploads\/2023\/02\/EVA-Rebstock-scaled-1.jpg&#8220; alt=&#8220;Eva Rebstock&#8220; title_text=&#8220;Eva Rebstock&#8220; _builder_version=&#8220;4.23.4&#8243; _module_preset=&#8220;default&#8220; transform_translate_linked=&#8220;off&#8220; border_radii=&#8220;off|15px|15px||&#8220; global_colors_info=&#8220;{}&#8220;][\/et_pb_image][et_pb_text _builder_version=&#8220;4.23.4&#8243; _module_preset=&#8220;default&#8220; text_font=&#8220;|600|on||||||&#8220; custom_margin=&#8220;20px|20px|20px|20px|true|true&#8220; global_colors_info=&#8220;{}&#8220;]&#8220;UBUNTU\u2026<\/p>\n<p>Ist eine Philosophie aus S\u00fcdafrika und l\u00e4sst sich wohl am Besten mit Menschlichkeit \u00fcbersetzen und dem Wissen ein Teil des Ganzen zu sein.&#8220;<br \/>\n[\/et_pb_text][et_pb_text admin_label=&#8220;Unterschrift&#8220; _builder_version=&#8220;4.23.4&#8243; text_font=&#8220;Sacramento||||||||&#8220; text_font_size=&#8220;32px&#8220; text_line_height=&#8220;1em&#8220; background_color=&#8220;RGBA(255,255,255,0)&#8220; text_orientation=&#8220;right&#8220; max_width_tablet=&#8220;100%&#8220; max_width_phone=&#8220;100%&#8220; max_width_last_edited=&#8220;on|tablet&#8220; custom_margin=&#8220;|20px||20px|false|true&#8220; custom_padding_tablet=&#8220;&#8220; custom_padding_phone=&#8220;&#8220; custom_padding_last_edited=&#8220;on|desktop&#8220; hover_enabled=&#8220;0&#8243; text_text_align=&#8220;right&#8220; global_colors_info=&#8220;{}&#8220; text_font_last_edited=&#8220;on|desktop&#8220; sticky_enabled=&#8220;0&#8243; text_font_tablet=&#8220;Sacramento||||||||&#8220; text_font_phone=&#8220;Sacramento||||||||&#8220;]<\/p>\n<p>Eva-Maria Rebstock<\/p>\n<p>[\/et_pb_text][\/et_pb_column][\/et_pb_row][\/et_pb_section][et_pb_section fb_built=&#8220;1&#8243; admin_label=&#8220;Sektion Buddha&#8220; _builder_version=&#8220;4.23.4&#8243; _module_preset=&#8220;default&#8220; global_colors_info=&#8220;{}&#8220;][et_pb_row column_structure=&#8220;1_2,1_2&#8243; use_custom_gutter=&#8220;on&#8220; gutter_width=&#8220;4&#8243; admin_label=&#8220;Zeile Buddha&#8220; _builder_version=&#8220;4.23.4&#8243; _module_preset=&#8220;default&#8220; use_background_color_gradient=&#8220;on&#8220; background_color_gradient_stops=&#8220;rgba(255,255,255,0.49) 0%|rgba(255,255,255,0.45) 47%|rgba(255,255,255,0.44) 100%&#8220; background_color_gradient_overlays_image=&#8220;on&#8220; background_image=&#8220;https:\/\/www.praxisrebstock.de\/praxis\/wp-content\/uploads\/2024\/01\/Firefly-goldener-buddha-links-im-Bild-im-magnoliengarten-45760.jpg&#8220; parallax=&#8220;on&#8220; width_tablet=&#8220;60%&#8220; width_phone=&#8220;80%&#8220; width_last_edited=&#8220;off|desktop&#8220; custom_margin_tablet=&#8220;|20%||20%|false|false&#8220; custom_margin_phone=&#8220;|10%||10%|false|false&#8220; custom_margin_last_edited=&#8220;off|desktop&#8220; custom_padding=&#8220;|5%||5%|false|false&#8220; border_radii=&#8220;on|15px|15px|15px|15px&#8220; global_colors_info=&#8220;{}&#8220;][et_pb_column type=&#8220;1_2&#8243; _builder_version=&#8220;4.23.4&#8243; _module_preset=&#8220;default&#8220; transform_scale_tablet=&#8220;&#8220; transform_scale_phone=&#8220;&#8220; transform_scale_last_edited=&#8220;on|desktop&#8220; transform_scale_linked=&#8220;off&#8220; transform_translate=&#8220;0px|80px&#8220; transform_translate_tablet=&#8220;0px|0px&#8220; transform_translate_phone=&#8220;0px|0px&#8220; transform_translate_last_edited=&#8220;on|tablet&#8220; transform_translate_linked=&#8220;off&#8220; transform_rotate_tablet=&#8220;&#8220; transform_rotate_phone=&#8220;&#8220; transform_rotate_last_edited=&#8220;on|desktop&#8220; transform_skew_tablet=&#8220;&#8220; transform_skew_phone=&#8220;&#8220; transform_skew_last_edited=&#8220;on|desktop&#8220; transform_origin_tablet=&#8220;&#8220; transform_origin_phone=&#8220;&#8220; transform_origin_last_edited=&#8220;on|desktop&#8220; transform_styles_last_edited=&#8220;on|tablet&#8220; custom_padding=&#8220;30px|30px|30px|30px|false|false&#8220; transform_styles_tablet=&#8220;&#8220; transform_styles_phone=&#8220;&#8220; global_colors_info=&#8220;{}&#8220;][et_pb_text _builder_version=&#8220;4.23.4&#8243; text_font=&#8220;M PLUS Rounded 1c||||||||&#8220; text_text_color=&#8220;#FFFFFF&#8220; text_font_size=&#8220;18px&#8220; text_line_height=&#8220;1.8em&#8220; header_font=&#8220;||||||||&#8220; header_text_align=&#8220;center&#8220; header_font_size=&#8220;45px&#8220; header_2_font=&#8220;|600|||||||&#8220; header_2_font_size=&#8220;50px&#8220; header_2_line_height=&#8220;1.2em&#8220; background_color=&#8220;#9E1881&#8243; background_image=&#8220;https:\/\/www.praxisrebstock.de\/praxis\/wp-content\/uploads\/2023\/03\/psychologist-04-1024&#215;543-smaller.jpg&#8220; background_layout=&#8220;dark&#8220; width=&#8220;100%&#8220; max_width=&#8220;100%&#8220; max_width_tablet=&#8220;100%&#8220; max_width_phone=&#8220;100%&#8220; max_width_last_edited=&#8220;off|desktop&#8220; custom_padding=&#8220;20px|10px|20px|10px|false|false&#8220; text_font_size_tablet=&#8220;18px&#8220; text_font_size_phone=&#8220;18px&#8220; text_font_size_last_edited=&#8220;on|phone&#8220; header_text_align_tablet=&#8220;center&#8220; header_text_align_phone=&#8220;center&#8220; header_text_align_last_edited=&#8220;on|phone&#8220; header_font_size_tablet=&#8220;&#8220; header_font_size_phone=&#8220;30px&#8220; header_font_size_last_edited=&#8220;on|phone&#8220; header_2_font_size_tablet=&#8220;40px&#8220; header_2_font_size_phone=&#8220;26px&#8220; header_2_font_size_last_edited=&#8220;on|phone&#8220; border_radii=&#8220;on|15px|15px|15px|15px&#8220; global_colors_info=&#8220;{}&#8220;]<\/p>\n<h1>Die Philosophie<\/h1>\n<p>[\/et_pb_text][\/et_pb_column][et_pb_column type=&#8220;1_2&#8243; _builder_version=&#8220;4.23.4&#8243; _module_preset=&#8220;default&#8220; custom_padding=&#8220;|0px|30px||false|false&#8220; global_colors_info=&#8220;{}&#8220;][et_pb_text _builder_version=&#8220;4.23.4&#8243; text_font=&#8220;||||||||&#8220; text_text_color=&#8220;#666666&#8243; text_font_size=&#8220;17px&#8220; text_line_height=&#8220;1.8em&#8220; header_font=&#8220;Dosis|700|||||||&#8220; header_text_color=&#8220;#9e1881&#8243; header_font_size=&#8220;150%&#8220; header_2_font=&#8220;Taviraj||||||||&#8220; header_2_font_size=&#8220;50px&#8220; header_2_line_height=&#8220;1.2em&#8220; background_color=&#8220;#FFFFFF&#8220; max_width=&#8220;550px&#8220; max_width_tablet=&#8220;100%&#8220; max_width_phone=&#8220;100%&#8220; max_width_last_edited=&#8220;off|desktop&#8220; custom_margin=&#8220;||||true|true&#8220; custom_padding=&#8220;30px|30px|30px|30px|true|true&#8220; text_font_size_tablet=&#8220;&#8220; text_font_size_phone=&#8220;15px&#8220; text_font_size_last_edited=&#8220;on|desktop&#8220; header_font_tablet=&#8220;Dosis|700|||||||&#8220; header_font_phone=&#8220;Dosis|700|||||||&#8220; header_font_last_edited=&#8220;on|phone&#8220; header_2_font_size_tablet=&#8220;40px&#8220; header_2_font_size_phone=&#8220;30px&#8220; header_2_font_size_last_edited=&#8220;on|phone&#8220; border_radii=&#8220;on|15px|15px|15px|15px&#8220; border_width_all=&#8220;1px&#8220; border_color_all=&#8220;#9E1881&#8243; locked=&#8220;off&#8220; global_colors_info=&#8220;{}&#8220;]<\/p>\n<h1>\u201eDer goldene Buddha\u201c<\/h1>\n<p>&nbsp;<\/p>\n<p>1955 kam in Thailand bei einem Umzug eines Tempels ein goldener Buddha zum Vorschein, der bis dahin als einfacher Lehmbuddha bekannt war. Wie kam es zu dieser Transformation? Im 18. Jahrhundert griffen burmesische Invasoren Thailand an. Sie massakrierten das Volk und pl\u00fcnderten das Gold. Aber die M\u00f6nche dieses Tempels hatten die Idee, die aus purem Gold bestehende Statue zu sch\u00fctzen, indem sie sie mit Lehm, Steinen und Glas verputzten. Jahrzehnte vergingen, keiner wusste mehr von der goldenen Statue, bis zu diesem Tag als der Buddha Risse bekam und das Gold zum Vorschein kam.<\/p>\n<p>&nbsp;<\/p>\n<p><strong>Ich bin der festen \u00dcberzeugung, dass alles bereits in uns ist und die Psychotherapie eine Hilfe darstellt, sich selbst zu helfen.<\/strong> Daf\u00fcr bem\u00fche ich\u00a0 mich einen neutralen, wohlwollenden und menschlichen Raum anzubieten, in dem es in erster Linie nicht darum geht zu leisten, sondern anzunehmen was gerade ist und was es braucht, um weiter\/wieder wachsen zu k\u00f6nnen. Dabei spielt das \u201eWARUM\u201c eine untergeordnete Rolle, im Fokus steht \u201eWIE\u201c Patient*innen wieder in die Verantwortung kommen k\u00f6nnen, ihr eigenes Leben zu gestalten. Dabei versuche ich immer mit Mitgef\u00fchl, Verst\u00e4ndnis und Authentizit\u00e4t zu begegnen und wenn n\u00f6tig auch zu konfrontieren.<\/p>\n<p>[\/et_pb_text][\/et_pb_column][\/et_pb_row][\/et_pb_section]<\/p>\n","protected":false},"excerpt":{"rendered":"<p>Eva-Maria Rebstock Diplom Psychologin, Psychologische Psychotherapeutin &#8222;UBUNTU\u2026 Ist eine Philosophie aus S\u00fcdafrika und l\u00e4sst sich wohl am Besten mit Menschlichkeit \u00fcbersetzen und dem Wissen ein Teil des Ganzen zu sein.&#8220; Eva-Maria RebstockDie Philosophie\u201eDer goldene Buddha\u201c &nbsp; 1955 kam in Thailand bei einem Umzug eines Tempels ein goldener Buddha zum Vorschein, der bis dahin als einfacher Lehmbuddha bekannt war. Wie kam es zu dieser Transformation? Im 18. Jahrhundert griffen burmesische Invasoren Thailand an. Sie massakrierten das Volk und pl\u00fcnderten das Gold. Aber die M\u00f6nche dieses Tempels hatten die Idee, die aus purem Gold bestehende Statue zu sch\u00fctzen, indem sie sie mit Lehm, Steinen und Glas verputzten. Jahrzehnte vergingen, keiner wusste mehr von der goldenen Statue, bis zu diesem Tag als der Buddha Risse bekam und das Gold zum Vorschein kam. &nbsp; Ich bin der festen \u00dcberzeugung, dass alles bereits in uns ist und die Psychotherapie eine Hilfe darstellt, sich selbst zu helfen. Daf\u00fcr bem\u00fche ich\u00a0 mich einen neutralen, wohlwollenden und menschlichen Raum anzubieten, in dem es in erster Linie nicht darum geht zu leisten, sondern anzunehmen was gerade ist und was es braucht, um weiter\/wieder wachsen zu k\u00f6nnen. Dabei spielt das \u201eWARUM\u201c eine untergeordnete Rolle, im Fokus steht \u201eWIE\u201c Patient*innen wieder [&hellip;]<\/p>\n","protected":false},"author":1,"featured_media":0,"parent":0,"menu_order":0,"comment_status":"closed","ping_status":"closed","template":"","meta":{"_seopress_robots_primary_cat":"","_seopress_titles_title":"%%sitetitle%% %%sep%% Praxis f\u00fcr Psychotherapie in Freiburg","_seopress_titles_desc":"Praxis Rebstock, Ihre Praxis f\u00fcr Psychotherapie in Freiburg - Spezielle Schmerztherapie - Coaching - \r\nVerhaltenstherapie - Entspannungsverfahren","_seopress_robots_index":"","_seopress_analysis_target_kw":"Psychotherapie,Freiburg,Rebstock,Praxis","_et_pb_use_builder":"on","_et_pb_old_content":"","_et_gb_content_width":"","footnotes":""},"class_list":["post-11","page","type-page","status-publish","hentry"],"_links":{"self":[{"href":"https:\/\/www.praxisrebstock.de\/praxis\/wp-json\/wp\/v2\/pages\/11","targetHints":{"allow":["GET"]}}],"collection":[{"href":"https:\/\/www.praxisrebstock.de\/praxis\/wp-json\/wp\/v2\/pages"}],"about":[{"href":"https:\/\/www.praxisrebstock.de\/praxis\/wp-json\/wp\/v2\/types\/page"}],"author":[{"embeddable":true,"href":"https:\/\/www.praxisrebstock.de\/praxis\/wp-json\/wp\/v2\/users\/1"}],"replies":[{"embeddable":true,"href":"https:\/\/www.praxisrebstock.de\/praxis\/wp-json\/wp\/v2\/comments?post=11"}],"version-history":[{"count":170,"href":"https:\/\/www.praxisrebstock.de\/praxis\/wp-json\/wp\/v2\/pages\/11\/revisions"}],"predecessor-version":[{"id":242408,"href":"https:\/\/www.praxisrebstock.de\/praxis\/wp-json\/wp\/v2\/pages\/11\/revisions\/242408"}],"wp:attachment":[{"href":"https:\/\/www.praxisrebstock.de\/praxis\/wp-json\/wp\/v2\/media?parent=11"}],"curies":[{"name":"wp","href":"https:\/\/api.w.org\/{rel}","templated":true}]}}