{"id":81,"date":"2023-02-20T19:27:47","date_gmt":"2023-02-20T18:27:47","guid":{"rendered":"https:\/\/www.praxisrebstock.de\/praxis\/?page_id=81"},"modified":"2026-03-01T16:35:41","modified_gmt":"2026-03-01T15:35:41","slug":"behandlungsangebot","status":"publish","type":"page","link":"https:\/\/www.praxisrebstock.de\/praxis\/behandlungsangebot\/","title":{"rendered":"Behandlungsangebot"},"content":{"rendered":"\n<div class=\"et_pb_section_0 et_pb_section et_pb_fullwidth_section et_section_regular et_block_section\"><section class=\"et_pb_fullwidth_header_0 et_pb_fullwidth_header et_pb_fullscreen et_pb_bg_layout_dark et_pb_text_align_left et_pb_section_parallax et_pb_module et_flex_module\"><span class=\"et-pb-parallax-wrapper\"><span class=\"et-pb-parallax-background et-pb-parallax-background-module--divi-fullwidth-header-0\" style=\"background-image:url(https:\/\/www.praxisrebstock.de\/praxis\/wp-content\/uploads\/2024\/01\/Firefly-moderne-psychotherapie-praxis-zwei-stuehle-und-ein-kleiner-tisch-in-einem-zimmer-39731.jpg)\"><\/span><\/span><div class=\"et_pb_fullwidth_header_container left\"><div class=\"header-content-container center\"><div class=\"header-content et_flex_module\"><h1 class=\"et_pb_module_header\">Nehmen Sie Platz<\/h1><div class=\"et_pb_header_button_wrapper\"><\/div><\/div><\/div><\/div><div class=\"et_pb_fullwidth_header_overlay\"><\/div><div class=\"et_pb_fullwidth_header_scroll\"><a class=\"scroll-down-container\" href=\"#\"><span class=\"scroll-down et-pb-icon\">;<\/span><\/a><\/div><\/section><\/div><div class=\"et_pb_section_1 et_pb_section et_section_regular et_block_section\"><div class=\"et_pb_row_0 et_pb_row et_pb_equal_columns et_block_row\"><div class=\"et_pb_column_0 et_pb_column et_pb_column_1_2 et_block_column et_pb_css_mix_blend_mode_passthrough\"><div class=\"et_pb_blurb_0 et_pb_blurb et_pb_bg_layout_light et_pb_blurb_position_top et_pb_module et_block_module\"><div class=\"et_pb_blurb_content\"><div class=\"et_pb_main_blurb_image\"><span class=\"et_pb_image_wrap et_pb_only_image_mode_wrap\"><img loading=\"lazy\" decoding=\"async\" src=\"https:\/\/www.praxisrebstock.de\/praxis\/wp-content\/uploads\/2024\/01\/Firefly-chaos-in-den-Gedanken-45760.jpg\" width=\"800\" height=\"457\" srcset=\"https:\/\/www.praxisrebstock.de\/praxis\/wp-content\/uploads\/2024\/01\/Firefly-chaos-in-den-Gedanken-45760.jpg 800w, https:\/\/www.praxisrebstock.de\/praxis\/wp-content\/uploads\/2024\/01\/Firefly-chaos-in-den-Gedanken-45760-480x274.jpg 480w\" sizes=\"(min-width: 0px) and (max-width: 480px) 480px, (min-width: 481px) 800px, 100vw\" class=\"wp-image-242110\" \/><\/span><\/div><div class=\"et_pb_blurb_container\"><h1 class=\"et_pb_module_header\">Verhaltenstherapie<\/h1><div class=\"et_pb_blurb_description\"><p>Wenn Sie auf der Suche nach Verhaltenstherapie mit einer zertifizierten Psychotherapeutin sind, dann sind Sie bei mir genau richtig. Ich begleite meine Patient*innen auf ihrem Weg zu neuen Sicht- und Verhaltensweisen und unterst\u00fctze Sie dabei Ihre formulierten Lebensziele zu erreichen. Dabei kommen Methoden der \u201eklassischen\u201c kognitiven Verhaltenstherapie zum Einsatz, sowie moderne Techniken aus der Acceptance and Commitment Therapy (ACT), IPT, Schematherapie und CBASP.<\/p>\n<p>Eine Verhaltenstherapie legt den Schwerpunkt auf Ihr derzeitiges Verhalten und Ihre Einstellungen. Sie basiert dennoch auf dem Prinzip, dass ung\u00fcnstige Verhaltensweisen und Denkmuster lebensgeschichtlich erlernt wurden und demnach auch wieder verlernt werden k\u00f6nnen. Das Ein\u00fcben neuer Verhaltens- und Denkweisen erfordert dabei Ihre aktive Mitarbeit im Heilungsprozess.<\/p>\n<\/div><\/div><\/div><\/div><\/div><div class=\"et_pb_column_1 et_pb_column et_pb_column_1_2 et-last-child et_block_column et_pb_css_mix_blend_mode_passthrough\"><div class=\"et_pb_blurb_1 et_pb_blurb et_pb_bg_layout_light et_pb_blurb_position_top et_pb_module et_block_module\"><div class=\"et_pb_blurb_content\"><div class=\"et_pb_main_blurb_image\"><span class=\"et_pb_image_wrap et_pb_only_image_mode_wrap\"><img loading=\"lazy\" decoding=\"async\" src=\"https:\/\/www.praxisrebstock.de\/praxis\/wp-content\/uploads\/2024\/01\/Firefly-psychotherapie-bei-Schmerzen-schmerztherapie-45760.jpg\" width=\"1200\" height=\"686\" srcset=\"https:\/\/www.praxisrebstock.de\/praxis\/wp-content\/uploads\/2024\/01\/Firefly-psychotherapie-bei-Schmerzen-schmerztherapie-45760.jpg 1200w, https:\/\/www.praxisrebstock.de\/praxis\/wp-content\/uploads\/2024\/01\/Firefly-psychotherapie-bei-Schmerzen-schmerztherapie-45760-980x560.jpg 980w, https:\/\/www.praxisrebstock.de\/praxis\/wp-content\/uploads\/2024\/01\/Firefly-psychotherapie-bei-Schmerzen-schmerztherapie-45760-480x274.jpg 480w\" sizes=\"(min-width: 0px) and (max-width: 480px) 480px, (min-width: 481px) and (max-width: 980px) 980px, (min-width: 981px) 1200px, 100vw\" class=\"wp-image-242108\" \/><\/span><\/div><div class=\"et_pb_blurb_container\"><h1 class=\"et_pb_module_header\">Spezielle Schmerzpsychotherapie<\/h1><div class=\"et_pb_blurb_description\"><p>Anhaltende Schmerzen wirken sich auf Stimmung, Erleben und Verhalten aus. H\u00e4ufig kommt es zu Verunsicherung, gereizter Stimmung und sozialem R\u00fcckzug. Die damit verbundenen zunehmenden Belastungen (k\u00f6rperlich, privat, beruflich) wirken sich wiederum ung\u00fcnstig auf die Schmerzen aus. Aus diesem Teufelskreis ohne mentale Hilfe zu kommen ist schwierig.<br \/>Schonung, Vermeidung von Aktivit\u00e4t und R\u00fcckzug sind bei akuten Schmerzen durchaus sinnvoll. Bei langanhaltenden Schmerzen f\u00fchren sie meist zu Schmerzverst\u00e4rkung und dauerhaften Schmerzen. Im Gegensatz dazu stehen Durchhalteparolen, die immer wieder zu \u00dcberbelastungen f\u00fchren und somit ebenfalls den Schmerz ung\u00fcnstig beeinflussen. Die L\u00f6sung liegt wie so oft dazwischen.<\/p>\n<p>Finden Sie mit meiner psychotherapeutischen Unterst\u00fctzung einen sinnvollen eigenen Weg zur besseren Schmerzbew\u00e4ltigung.<\/p>\n<\/div><\/div><\/div><\/div><\/div><\/div><div class=\"et_pb_row_1 et_pb_row et_pb_equal_columns et_block_row\"><div class=\"et_pb_column_2 et_pb_column et_pb_column_1_2 et_block_column et_pb_css_mix_blend_mode_passthrough\"><div class=\"et_pb_blurb_2 et_pb_blurb et_pb_bg_layout_light et_pb_blurb_position_top et_pb_module et_block_module\"><div class=\"et_pb_blurb_content\"><div class=\"et_pb_main_blurb_image\"><span class=\"et_pb_image_wrap et_pb_only_image_mode_wrap\"><img loading=\"lazy\" decoding=\"async\" src=\"https:\/\/www.praxisrebstock.de\/praxis\/wp-content\/uploads\/2024\/01\/Firefly-Wegweiser-vor-einem-gefuehlt-unueberwindlichen-Hinderniss-80148.jpg\" width=\"800\" height=\"457\" srcset=\"https:\/\/www.praxisrebstock.de\/praxis\/wp-content\/uploads\/2024\/01\/Firefly-Wegweiser-vor-einem-gefuehlt-unueberwindlichen-Hinderniss-80148.jpg 800w, https:\/\/www.praxisrebstock.de\/praxis\/wp-content\/uploads\/2024\/01\/Firefly-Wegweiser-vor-einem-gefuehlt-unueberwindlichen-Hinderniss-80148-480x274.jpg 480w\" sizes=\"(min-width: 0px) and (max-width: 480px) 480px, (min-width: 481px) 800px, 100vw\" class=\"wp-image-242113\" \/><\/span><\/div><div class=\"et_pb_blurb_container\"><h1 class=\"et_pb_module_header\">Coaching<\/h1><div class=\"et_pb_blurb_description\"><p>Sie haben ein Hindernis im Leben, das Sie nur schwer \u00fcberwinden k\u00f6nnen? Manchmal ist die beste L\u00f6sung, Hilfe bei einem zertifizierten psychotherapeutischen Experten zu suchen, um eine neue Perspektive zu erlangen. Als engagierte Psychotherapeutin setze ich Ihr Wohlbefinden und Ihre psychische St\u00e4rke an erste Stelle. Ich w\u00fcrde mich freuen, Sie durch alle Herausforderungen im Leben zu f\u00fchren \u2013 mit der Aufmerksamkeit und F\u00fcrsorge, die Sie verdienen.<\/p>\n<\/div><\/div><\/div><\/div><\/div><div class=\"et_pb_column_3 et_pb_column et_pb_column_1_2 et-last-child et_block_column et_pb_css_mix_blend_mode_passthrough\"><div class=\"et_pb_blurb_3 et_pb_blurb et_pb_bg_layout_light et_pb_blurb_position_top et_pb_module et_block_module\"><div class=\"et_pb_blurb_content\"><div class=\"et_pb_main_blurb_image\"><span class=\"et_pb_image_wrap et_pb_only_image_mode_wrap\"><img loading=\"lazy\" decoding=\"async\" src=\"https:\/\/www.praxisrebstock.de\/praxis\/wp-content\/uploads\/2024\/01\/Firefly-entspannung-in-ruhiger-Atmossphaere-80819.jpg\" width=\"800\" height=\"457\" srcset=\"https:\/\/www.praxisrebstock.de\/praxis\/wp-content\/uploads\/2024\/01\/Firefly-entspannung-in-ruhiger-Atmossphaere-80819.jpg 800w, https:\/\/www.praxisrebstock.de\/praxis\/wp-content\/uploads\/2024\/01\/Firefly-entspannung-in-ruhiger-Atmossphaere-80819-480x274.jpg 480w\" sizes=\"(min-width: 0px) and (max-width: 480px) 480px, (min-width: 481px) 800px, 100vw\" class=\"wp-image-242118\" \/><\/span><\/div><div class=\"et_pb_blurb_container\"><h1 class=\"et_pb_module_header\">Entspannungsverfahren<\/h1><div class=\"et_pb_blurb_description\"><p>Neben klassischen Verfahren wie Progressive Muskelentspannung, Autogenes Training und Imagination biete ich Techniken aus der Mindfulness Based Stress Reduction (MBSR) an.<\/p>\n<\/div><\/div><\/div><\/div><\/div><\/div><div class=\"et_pb_row_2 et_pb_row et_block_row\"><div class=\"et_pb_column_4 et_pb_column et_pb_column_4_4 et-last-child et_block_column et_pb_css_mix_blend_mode_passthrough\"><div class=\"et_pb_text_0 et_pb_text et_pb_bg_layout_light et_pb_module et_block_module et_pb_text_align_center\"><div class=\"et_pb_text_inner\"><h1>Kosten<\/h1>\n<p>Unser Behandlungsangebot richtet sich an Privatversicherte und selbstzahlende Patient:innen. In der Regel werden die Kosten von der privaten Krankenversicherung bzw. Beihilfe \u00fcbernommen.<br \/>\n(Selbstzahlende: 100,-\u20ac pro Stunde)<\/p>\n<\/div><\/div><div class=\"et_pb_module et_pb_button_module_wrapper et_pb_button_0_wrapper preset--module--divi-button--default_wrapper\"><a class=\"et_pb_button_0 et_pb_button et_pb_bg_layout_light et_pb_module et_block_module preset--module--divi-button--default\" href=\"https:\/\/www.praxisrebstock.de\/praxis\/kontakt\/\">Termin vereinbaren<\/a><\/div><\/div><\/div><\/div><div class=\"et_pb_section_2 et_pb_section et_section_regular et_block_section et_pb_section_parallax\"><span class=\"et-pb-parallax-wrapper\"><span class=\"et-pb-parallax-background et-pb-parallax-background-module--divi-section-2\" style=\"background-image:url(https:\/\/www.praxisrebstock.de\/praxis\/wp-content\/uploads\/2023\/02\/psychologist-08.jpg)\"><\/span><\/span><div class=\"et_pb_row_3 et_pb_row et_pb_equal_columns et_pb_gutters1 et_block_row\"><div class=\"et_pb_column_5 et_pb_column et_pb_column_1_2 et_block_column et_pb_css_mix_blend_mode_passthrough\"><div class=\"et_pb_text_1 et_pb_text et_pb_bg_layout_dark et_pb_module et_block_module\"><div class=\"et_pb_text_inner\"><h2>\"Ich bin der festen \u00dcberzeugung, dass alles bereits in uns ist und die Psychotherapie eine Hilfe darstellt, sich selbst zu helfen.\"<\/h2>\n<\/div><\/div><\/div><div class=\"et_pb_column_6 et_pb_column et_pb_column_1_2 et-last-child et_block_column et_pb_column_empty et_pb_css_mix_blend_mode_passthrough\"><\/div><\/div><\/div>\n","protected":false},"excerpt":{"rendered":"","protected":false},"author":1,"featured_media":0,"parent":0,"menu_order":0,"comment_status":"closed","ping_status":"closed","template":"","meta":{"_seopress_robots_primary_cat":"","_seopress_titles_title":"%%sitetitle%% %%sep%% Ihre Praxis f\u00fcr Psychotherapie in Freiburg","_seopress_titles_desc":"Praxis Rebstock, Ihre Praxis f\u00fcr Psychotherapie in Freiburg - Spezielle Schmerztherapie - Coaching - \r\nVerhaltenstherapie - Entspannungsverfahren","_seopress_robots_index":"","footnotes":""},"class_list":["post-81","page","type-page","status-publish","hentry"],"dsm_author":{"name":"Redaktion MSO","avatar_url":"https:\/\/secure.gravatar.com\/avatar\/3c75b37d5a24a252f08d33e2537d78cc7ff3a8d93641efa608dc484c39a01480?s=96&d=mm&r=g","archive_link":"https:\/\/www.praxisrebstock.de\/praxis\/author\/mso-adm\/","biodata":""},"dsm_categories":[],"dsm_attachment_categories":[],"dsm_featured_image":null,"_links":{"self":[{"href":"https:\/\/www.praxisrebstock.de\/praxis\/wp-json\/wp\/v2\/pages\/81","targetHints":{"allow":["GET"]}}],"collection":[{"href":"https:\/\/www.praxisrebstock.de\/praxis\/wp-json\/wp\/v2\/pages"}],"about":[{"href":"https:\/\/www.praxisrebstock.de\/praxis\/wp-json\/wp\/v2\/types\/page"}],"author":[{"embeddable":true,"href":"https:\/\/www.praxisrebstock.de\/praxis\/wp-json\/wp\/v2\/users\/1"}],"replies":[{"embeddable":true,"href":"https:\/\/www.praxisrebstock.de\/praxis\/wp-json\/wp\/v2\/comments?post=81"}],"version-history":[{"count":115,"href":"https:\/\/www.praxisrebstock.de\/praxis\/wp-json\/wp\/v2\/pages\/81\/revisions"}],"predecessor-version":[{"id":242584,"href":"https:\/\/www.praxisrebstock.de\/praxis\/wp-json\/wp\/v2\/pages\/81\/revisions\/242584"}],"wp:attachment":[{"href":"https:\/\/www.praxisrebstock.de\/praxis\/wp-json\/wp\/v2\/media?parent=81"}],"curies":[{"name":"wp","href":"https:\/\/api.w.org\/{rel}","templated":true}]}}